{"id":14276,"date":"2018-09-18T08:57:20","date_gmt":"2018-09-18T08:57:20","guid":{"rendered":"http:\/\/xcelinspection.com\/aplicaciones\/"},"modified":"2021-11-04T12:43:36","modified_gmt":"2021-11-04T12:43:36","slug":"aplicacoes","status":"publish","type":"page","link":"https:\/\/xcelinspection.com\/pt-pt\/aplicacoes\/","title":{"rendered":"APLICA\u00c7\u00d5ES"},"content":{"rendered":"\n\n\n\n\n\n<div id=\"wpv-view-layout-2401\" class=\"js-wpv-view-layout js-wpv-layout-responsive js-wpv-view-layout-2401\" data-viewnumber=\"2401\" data-pagination=\"{&quot;id&quot;:2401,&quot;query&quot;:&quot;normal&quot;,&quot;type&quot;:&quot;disabled&quot;,&quot;effect&quot;:&quot;fade&quot;,&quot;duration&quot;:2500,&quot;speed&quot;:5,&quot;pause_on_hover&quot;:&quot;disabled&quot;,&quot;stop_rollover&quot;:&quot;false&quot;,&quot;cache_pages&quot;:&quot;enabled&quot;,&quot;preload_images&quot;:&quot;enabled&quot;,&quot;preload_pages&quot;:&quot;enabled&quot;,&quot;preload_reach&quot;:1,&quot;spinner&quot;:&quot;builtin&quot;,&quot;spinner_image&quot;:&quot;&quot;,&quot;callback_next&quot;:&quot;&quot;,&quot;manage_history&quot;:&quot;disabled&quot;,&quot;has_controls_in_form&quot;:&quot;enabled&quot;,&quot;infinite_tolerance&quot;:0,&quot;max_pages&quot;:0,&quot;page&quot;:1,&quot;base_permalink&quot;:&quot;\/pt-pt\/wp-json\/wp\/v2\/pages\/14276?wpv_view_count=2401&amp;wpv_paged=WPV_PAGE_NUM&quot;,&quot;loop&quot;:{&quot;type&quot;:&quot;&quot;,&quot;name&quot;:&quot;&quot;,&quot;data&quot;:[],&quot;id&quot;:0}}\" data-permalink=\"\/pt-pt\/wp-json\/wp\/v2\/pages\/14276?wpv_view_count=2401\">\n\n\t\n\t\n\t<div class=\"blog-grid-container product-page-product-list\">\n\t\n\t\t\n\t\t<div class=\"grid-row\">\n\t\t\t<div class=\"one-third first\">\n\t\t\t\t<div class=\"blog-item\">\n  <div class=\"mycustompostftimg\">\n    <a href=\"https:\/\/xcelinspection.com\/pt-pt\/aplicacion\/industria-eolica\/\" class=\"post-image-link\" alt=\"Industria E\u00f3lica\"><img loading=\"lazy\" decoding=\"async\" width=\"664\" height=\"458\" src=\"https:\/\/xcelinspection.com\/wp-content\/uploads\/2021\/08\/7-Apli-Eolica.jpg\" class=\"attachment-full size-full wp-post-image\" alt=\"\" \/> <\/a>\n    <a href=\"https:\/\/xcelinspection.com\/pt-pt\/aplicacion\/industria-eolica\/\"><\/a>\n  <\/div>\n  <div class=\"mycustompostfttext\">\n    <h4><a href=\"https:\/\/xcelinspection.com\/pt-pt\/aplicacion\/industria-eolica\/\">Industria E\u00f3lica<\/a><\/h4>\n    <div class=\"postsnip\">\u00c9 uma das ind\u00fastrias que atualmente desperta maior interesse e investimento a n\u00edvel mundial. A torre de um moinho pode a <\/div>\n    <!--<a href=\"[wpv-post-url]\" class=\"button\">Learn More <i class=\"fa fa-chevron-circle-right\" aria-hidden=\"true\"><\/i><\/a>-->\n  <\/div>\n<\/div>\n\n\t\t\t<\/div>\n\t\t\n\t\t\n\t\t\t<div class=\"one-third\">\n\t\t\t\t<div class=\"blog-item\">\n  <div class=\"mycustompostftimg\">\n    <a href=\"https:\/\/xcelinspection.com\/pt-pt\/aplicacion\/industria-naval\/\" class=\"post-image-link\" alt=\"Industria Naval\"><img loading=\"lazy\" decoding=\"async\" width=\"1408\" height=\"683\" src=\"https:\/\/xcelinspection.com\/wp-content\/uploads\/2021\/09\/image_f40e4ab7-e1775067333985.png\" class=\"attachment-full size-full wp-post-image\" alt=\"\" \/> <\/a>\n    <a href=\"https:\/\/xcelinspection.com\/pt-pt\/aplicacion\/industria-naval\/\"><\/a>\n  <\/div>\n  <div class=\"mycustompostfttext\">\n    <h4><a href=\"https:\/\/xcelinspection.com\/pt-pt\/aplicacion\/industria-naval\/\">Industria Naval<\/a><\/h4>\n    <div class=\"postsnip\">A naval \u00e9 uma das ind\u00fastrias mais importantes a n\u00edvel mundial, tanto do ponto de vista econ\u00f4mico quanto do log\u00edstico. <\/div>\n    <!--<a href=\"[wpv-post-url]\" class=\"button\">Learn More <i class=\"fa fa-chevron-circle-right\" aria-hidden=\"true\"><\/i><\/a>-->\n  <\/div>\n<\/div>\n\n\t\t\t<\/div>\n\t\t<\/div>\n\t\t\n\t\t\n\t\t\t<div class=\"one-third\">\n\t\t\t\t<div class=\"blog-item\">\n  <div class=\"mycustompostftimg\">\n    <a href=\"https:\/\/xcelinspection.com\/pt-pt\/aplicacion\/piers\/\" class=\"post-image-link\" alt=\"Piers\"><img loading=\"lazy\" decoding=\"async\" width=\"1408\" height=\"683\" src=\"https:\/\/xcelinspection.com\/wp-content\/uploads\/2020\/12\/image_1afd001d-e1774552598386.png\" class=\"attachment-full size-full wp-post-image\" alt=\"\" \/> <\/a>\n    <a href=\"https:\/\/xcelinspection.com\/pt-pt\/aplicacion\/piers\/\"><\/a>\n  <\/div>\n  <div class=\"mycustompostfttext\">\n    <h4><a href=\"https:\/\/xcelinspection.com\/pt-pt\/aplicacion\/piers\/\">Piers<\/a><\/h4>\n    <div class=\"postsnip\">La inspecci\u00f3n y el monitoreo de los muelles en puertos grandes y peque\u00f1os es una actividad de suma importancia. La estru <\/div>\n    <!--<a href=\"[wpv-post-url]\" class=\"button\">Learn More <i class=\"fa fa-chevron-circle-right\" aria-hidden=\"true\"><\/i><\/a>-->\n  <\/div>\n<\/div>\n\n\t\t\t<\/div>\n\t\t\n\t\t\n\t\t<div class=\"grid-row\">\n\t\t\t<div class=\"one-third first\">\n\t\t\t\t<div class=\"blog-item\">\n  <div class=\"mycustompostftimg\">\n    <a href=\"https:\/\/xcelinspection.com\/pt-pt\/aplicacion\/plataformas-petroleiras\/\" class=\"post-image-link\" alt=\"Plataformas Petroleiras\"><img loading=\"lazy\" decoding=\"async\" width=\"1408\" height=\"685\" src=\"https:\/\/xcelinspection.com\/wp-content\/uploads\/2020\/12\/image_35ab51df-e1774553110782.png\" class=\"attachment-full size-full wp-post-image\" alt=\"\" \/> <\/a>\n    <a href=\"https:\/\/xcelinspection.com\/pt-pt\/aplicacion\/plataformas-petroleiras\/\"><\/a>\n  <\/div>\n  <div class=\"mycustompostfttext\">\n    <h4><a href=\"https:\/\/xcelinspection.com\/pt-pt\/aplicacion\/plataformas-petroleiras\/\">Plataformas Petroleiras<\/a><\/h4>\n    <div class=\"postsnip\">Trata-se de grandes estruturas de explora\u00e7\u00e3o petroleira mar\u00edtimas. Prestar servi\u00e7os de inspe\u00e7\u00e3o nestas mini cidades \u00e9 um <\/div>\n    <!--<a href=\"[wpv-post-url]\" class=\"button\">Learn More <i class=\"fa fa-chevron-circle-right\" aria-hidden=\"true\"><\/i><\/a>-->\n  <\/div>\n<\/div>\n\n\t\t\t<\/div>\n\t\t\n\t\t\n\t\t\t<div class=\"one-third\">\n\t\t\t\t<div class=\"blog-item\">\n  <div class=\"mycustompostftimg\">\n    <a href=\"https:\/\/xcelinspection.com\/pt-pt\/aplicacion\/pontes\/\" class=\"post-image-link\" alt=\"Pontes\"><img loading=\"lazy\" decoding=\"async\" width=\"4032\" height=\"3024\" src=\"https:\/\/xcelinspection.com\/wp-content\/uploads\/2020\/12\/20180724_112204.jpg\" class=\"attachment-full size-full wp-post-image\" alt=\"\" \/> <\/a>\n    <a href=\"https:\/\/xcelinspection.com\/pt-pt\/aplicacion\/pontes\/\"><\/a>\n  <\/div>\n  <div class=\"mycustompostfttext\">\n    <h4><a href=\"https:\/\/xcelinspection.com\/pt-pt\/aplicacion\/pontes\/\">Pontes<\/a><\/h4>\n    <div class=\"postsnip\">As pontes s\u00e3o pe\u00e7as de infraestrutura urbana muito importantes e assegurar sua estabilidade, condi\u00e7\u00e3o e integridade \u00e9 um <\/div>\n    <!--<a href=\"[wpv-post-url]\" class=\"button\">Learn More <i class=\"fa fa-chevron-circle-right\" aria-hidden=\"true\"><\/i><\/a>-->\n  <\/div>\n<\/div>\n\n\t\t\t<\/div>\n\t\t<\/div>\n\t\t\n\t\t\n\t\t\t<div class=\"one-third\">\n\t\t\t\t<div class=\"blog-item\">\n  <div class=\"mycustompostftimg\">\n    <a href=\"https:\/\/xcelinspection.com\/pt-pt\/aplicacion\/represas\/\" class=\"post-image-link\" alt=\"Represas\"><img loading=\"lazy\" decoding=\"async\" width=\"1408\" height=\"688\" src=\"https:\/\/xcelinspection.com\/wp-content\/uploads\/2020\/12\/image_fe252870-e1774553731877.png\" class=\"attachment-full size-full wp-post-image\" alt=\"\" \/> <\/a>\n    <a href=\"https:\/\/xcelinspection.com\/pt-pt\/aplicacion\/represas\/\"><\/a>\n  <\/div>\n  <div class=\"mycustompostfttext\">\n    <h4><a href=\"https:\/\/xcelinspection.com\/pt-pt\/aplicacion\/represas\/\">Represas<\/a><\/h4>\n    <div class=\"postsnip\">As energias limpas e renov\u00e1veis ganham cada vez mais espa\u00e7o a n\u00edvel mundial. A ind\u00fastria de gera\u00e7\u00e3o e\u00f3lica est\u00e1 come\u00e7and <\/div>\n    <!--<a href=\"[wpv-post-url]\" class=\"button\">Learn More <i class=\"fa fa-chevron-circle-right\" aria-hidden=\"true\"><\/i><\/a>-->\n  <\/div>\n<\/div>\n\n\t\t\t<\/div>\n\t\t\n\t\t\n\t\t<div class=\"grid-row\">\n\t\t\t<div class=\"one-third first\">\n\t\t\t\t<div class=\"blog-item\">\n  <div class=\"mycustompostftimg\">\n    <a href=\"https:\/\/xcelinspection.com\/pt-pt\/aplicacion\/tanques-de-armazenamento\/\" class=\"post-image-link\" alt=\"Tanques de Armazenamento\"><img loading=\"lazy\" decoding=\"async\" width=\"1408\" height=\"680\" src=\"https:\/\/xcelinspection.com\/wp-content\/uploads\/2020\/12\/image_23f9bed5-e1774555100754.png\" class=\"attachment-full size-full wp-post-image\" alt=\"\" \/> <\/a>\n    <a href=\"https:\/\/xcelinspection.com\/pt-pt\/aplicacion\/tanques-de-armazenamento\/\"><\/a>\n  <\/div>\n  <div class=\"mycustompostfttext\">\n    <h4><a href=\"https:\/\/xcelinspection.com\/pt-pt\/aplicacion\/tanques-de-armazenamento\/\">Tanques de Armazenamento<\/a><\/h4>\n    <div class=\"postsnip\">\u00c9 um dos equipamentos mais utilizados na ind\u00fastria. Desde grandes tanques de a\u00e7o em plantas de tratamento de petr\u00f3leo, p <\/div>\n    <!--<a href=\"[wpv-post-url]\" class=\"button\">Learn More <i class=\"fa fa-chevron-circle-right\" aria-hidden=\"true\"><\/i><\/a>-->\n  <\/div>\n<\/div>\n\n\t\t\t<\/div>\n\t\t\n\t\t\n\t\t\t<div class=\"one-third\">\n\t\t\t\t<div class=\"blog-item\">\n  <div class=\"mycustompostftimg\">\n    <a href=\"https:\/\/xcelinspection.com\/pt-pt\/aplicacion\/valvulas\/\" class=\"post-image-link\" alt=\"V\u00e1lvulas\"><img loading=\"lazy\" decoding=\"async\" width=\"386\" height=\"249\" src=\"https:\/\/xcelinspection.com\/wp-content\/uploads\/2020\/12\/Destacada.png\" class=\"attachment-full size-full wp-post-image\" alt=\"\" \/> <\/a>\n    <a href=\"https:\/\/xcelinspection.com\/pt-pt\/aplicacion\/valvulas\/\"><\/a>\n  <\/div>\n  <div class=\"mycustompostfttext\">\n    <h4><a href=\"https:\/\/xcelinspection.com\/pt-pt\/aplicacion\/valvulas\/\">V\u00e1lvulas<\/a><\/h4>\n    <div class=\"postsnip\">As v\u00e1lvulas s\u00e3o um elemento de controle nos processos industriais, se uma v\u00e1lvula perde seu selo, pode ter graves conseq <\/div>\n    <!--<a href=\"[wpv-post-url]\" class=\"button\">Learn More <i class=\"fa fa-chevron-circle-right\" aria-hidden=\"true\"><\/i><\/a>-->\n  <\/div>\n<\/div>\n\n\t\t\t<\/div>\n\t\t<\/div>\n\t\t\n\t\t\n\t\t\t<div class=\"one-third\">\n\t\t\t\t<div class=\"blog-item\">\n  <div class=\"mycustompostftimg\">\n    <a href=\"https:\/\/xcelinspection.com\/pt-pt\/aplicacion\/vasos-de-pressao\/\" class=\"post-image-link\" alt=\"Vasos de Press\u00e3o\"><img loading=\"lazy\" decoding=\"async\" width=\"1408\" height=\"680\" src=\"https:\/\/xcelinspection.com\/wp-content\/uploads\/2020\/12\/image_4cb305e2-e1774555403788.png\" class=\"attachment-full size-full wp-post-image\" alt=\"\" \/> <\/a>\n    <a href=\"https:\/\/xcelinspection.com\/pt-pt\/aplicacion\/vasos-de-pressao\/\"><\/a>\n  <\/div>\n  <div class=\"mycustompostfttext\">\n    <h4><a href=\"https:\/\/xcelinspection.com\/pt-pt\/aplicacion\/vasos-de-pressao\/\">Vasos de Press\u00e3o<\/a><\/h4>\n    <div class=\"postsnip\">S\u00e3o um dos equipamentos mais cr\u00edticos em opera\u00e7\u00e3o pois se ocorrer uma falha esta ser\u00e1 possivelmente catastr\u00f3fica, gerand <\/div>\n    <!--<a href=\"[wpv-post-url]\" class=\"button\">Learn More <i class=\"fa fa-chevron-circle-right\" aria-hidden=\"true\"><\/i><\/a>-->\n  <\/div>\n<\/div>\n\n\t\t\t<\/div>\n\t\t\n\t<\/div>\n\t\n\t\n\t\n<\/div>\n\n","protected":false},"excerpt":{"rendered":"","protected":false},"author":8,"featured_media":12756,"parent":0,"menu_order":0,"comment_status":"closed","ping_status":"closed","template":"","meta":{"_genesis_hide_title":false,"_genesis_hide_breadcrumbs":false,"_genesis_hide_singular_image":false,"_genesis_hide_footer_widgets":false,"_genesis_custom_body_class":"","_genesis_custom_post_class":"","_genesis_layout":"full-width-content","footnotes":""},"class_list":{"0":"post-14276","1":"page","2":"type-page","3":"status-publish","4":"has-post-thumbnail","6":"entry","7":"override"},"yoast_head":"<!-- This site is optimized with the Yoast SEO plugin v27.6 - https:\/\/yoast.com\/product\/yoast-seo-wordpress\/ -->\n<title>APLICA\u00c7\u00d5ES - Xcelinspections<\/title>\n<meta name=\"robots\" content=\"index, follow, max-snippet:-1, max-image-preview:large, max-video-preview:-1\" \/>\n<link rel=\"canonical\" href=\"https:\/\/xcelinspection.com\/pt-pt\/aplicacoes\/\" \/>\n<meta property=\"og:locale\" content=\"pt_PT\" \/>\n<meta property=\"og:type\" content=\"article\" \/>\n<meta property=\"og:title\" content=\"APLICA\u00c7\u00d5ES - Xcelinspections\" \/>\n<meta property=\"og:url\" content=\"https:\/\/xcelinspection.com\/pt-pt\/aplicacoes\/\" \/>\n<meta property=\"og:site_name\" content=\"Xcelinspections\" \/>\n<meta property=\"article:modified_time\" content=\"2021-11-04T12:43:36+00:00\" \/>\n<meta property=\"og:image\" content=\"https:\/\/xcelinspection.com\/wp-content\/uploads\/2018\/09\/aplicaciones-1.png\" \/>\n\t<meta property=\"og:image:width\" content=\"594\" \/>\n\t<meta property=\"og:image:height\" content=\"351\" \/>\n\t<meta property=\"og:image:type\" content=\"image\/png\" \/>\n<meta name=\"twitter:card\" content=\"summary_large_image\" \/>\n<script type=\"application\/ld+json\" class=\"yoast-schema-graph\">{\"@context\":\"https:\\\/\\\/schema.org\",\"@graph\":[{\"@type\":\"WebPage\",\"@id\":\"https:\\\/\\\/xcelinspection.com\\\/pt-pt\\\/aplicacoes\\\/\",\"url\":\"https:\\\/\\\/xcelinspection.com\\\/pt-pt\\\/aplicacoes\\\/\",\"name\":\"APLICA\u00c7\u00d5ES - Xcelinspections\",\"isPartOf\":{\"@id\":\"https:\\\/\\\/xcelinspection.com\\\/#website\"},\"primaryImageOfPage\":{\"@id\":\"https:\\\/\\\/xcelinspection.com\\\/pt-pt\\\/aplicacoes\\\/#primaryimage\"},\"image\":{\"@id\":\"https:\\\/\\\/xcelinspection.com\\\/pt-pt\\\/aplicacoes\\\/#primaryimage\"},\"thumbnailUrl\":\"https:\\\/\\\/xcelinspection.com\\\/wp-content\\\/uploads\\\/2018\\\/09\\\/aplicaciones-1.png\",\"datePublished\":\"2018-09-18T08:57:20+00:00\",\"dateModified\":\"2021-11-04T12:43:36+00:00\",\"breadcrumb\":{\"@id\":\"https:\\\/\\\/xcelinspection.com\\\/pt-pt\\\/aplicacoes\\\/#breadcrumb\"},\"inLanguage\":\"pt-PT\",\"potentialAction\":[{\"@type\":\"ReadAction\",\"target\":[\"https:\\\/\\\/xcelinspection.com\\\/pt-pt\\\/aplicacoes\\\/\"]}]},{\"@type\":\"ImageObject\",\"inLanguage\":\"pt-PT\",\"@id\":\"https:\\\/\\\/xcelinspection.com\\\/pt-pt\\\/aplicacoes\\\/#primaryimage\",\"url\":\"https:\\\/\\\/xcelinspection.com\\\/wp-content\\\/uploads\\\/2018\\\/09\\\/aplicaciones-1.png\",\"contentUrl\":\"https:\\\/\\\/xcelinspection.com\\\/wp-content\\\/uploads\\\/2018\\\/09\\\/aplicaciones-1.png\",\"width\":594,\"height\":351},{\"@type\":\"BreadcrumbList\",\"@id\":\"https:\\\/\\\/xcelinspection.com\\\/pt-pt\\\/aplicacoes\\\/#breadcrumb\",\"itemListElement\":[{\"@type\":\"ListItem\",\"position\":1,\"name\":\"Home\",\"item\":\"https:\\\/\\\/xcelinspection.com\\\/pt-pt\\\/\"},{\"@type\":\"ListItem\",\"position\":2,\"name\":\"APLICA\u00c7\u00d5ES\"}]},{\"@type\":\"WebSite\",\"@id\":\"https:\\\/\\\/xcelinspection.com\\\/#website\",\"url\":\"https:\\\/\\\/xcelinspection.com\\\/\",\"name\":\"Xcelinspections\",\"description\":\"\",\"potentialAction\":[{\"@type\":\"SearchAction\",\"target\":{\"@type\":\"EntryPoint\",\"urlTemplate\":\"https:\\\/\\\/xcelinspection.com\\\/?s={search_term_string}\"},\"query-input\":{\"@type\":\"PropertyValueSpecification\",\"valueRequired\":true,\"valueName\":\"search_term_string\"}}],\"inLanguage\":\"pt-PT\"}]}<\/script>\n<!-- \/ Yoast SEO plugin. -->","yoast_head_json":{"title":"APLICA\u00c7\u00d5ES - Xcelinspections","robots":{"index":"index","follow":"follow","max-snippet":"max-snippet:-1","max-image-preview":"max-image-preview:large","max-video-preview":"max-video-preview:-1"},"canonical":"https:\/\/xcelinspection.com\/pt-pt\/aplicacoes\/","og_locale":"pt_PT","og_type":"article","og_title":"APLICA\u00c7\u00d5ES - Xcelinspections","og_url":"https:\/\/xcelinspection.com\/pt-pt\/aplicacoes\/","og_site_name":"Xcelinspections","article_modified_time":"2021-11-04T12:43:36+00:00","og_image":[{"width":594,"height":351,"url":"https:\/\/xcelinspection.com\/wp-content\/uploads\/2018\/09\/aplicaciones-1.png","type":"image\/png"}],"twitter_card":"summary_large_image","schema":{"@context":"https:\/\/schema.org","@graph":[{"@type":"WebPage","@id":"https:\/\/xcelinspection.com\/pt-pt\/aplicacoes\/","url":"https:\/\/xcelinspection.com\/pt-pt\/aplicacoes\/","name":"APLICA\u00c7\u00d5ES - Xcelinspections","isPartOf":{"@id":"https:\/\/xcelinspection.com\/#website"},"primaryImageOfPage":{"@id":"https:\/\/xcelinspection.com\/pt-pt\/aplicacoes\/#primaryimage"},"image":{"@id":"https:\/\/xcelinspection.com\/pt-pt\/aplicacoes\/#primaryimage"},"thumbnailUrl":"https:\/\/xcelinspection.com\/wp-content\/uploads\/2018\/09\/aplicaciones-1.png","datePublished":"2018-09-18T08:57:20+00:00","dateModified":"2021-11-04T12:43:36+00:00","breadcrumb":{"@id":"https:\/\/xcelinspection.com\/pt-pt\/aplicacoes\/#breadcrumb"},"inLanguage":"pt-PT","potentialAction":[{"@type":"ReadAction","target":["https:\/\/xcelinspection.com\/pt-pt\/aplicacoes\/"]}]},{"@type":"ImageObject","inLanguage":"pt-PT","@id":"https:\/\/xcelinspection.com\/pt-pt\/aplicacoes\/#primaryimage","url":"https:\/\/xcelinspection.com\/wp-content\/uploads\/2018\/09\/aplicaciones-1.png","contentUrl":"https:\/\/xcelinspection.com\/wp-content\/uploads\/2018\/09\/aplicaciones-1.png","width":594,"height":351},{"@type":"BreadcrumbList","@id":"https:\/\/xcelinspection.com\/pt-pt\/aplicacoes\/#breadcrumb","itemListElement":[{"@type":"ListItem","position":1,"name":"Home","item":"https:\/\/xcelinspection.com\/pt-pt\/"},{"@type":"ListItem","position":2,"name":"APLICA\u00c7\u00d5ES"}]},{"@type":"WebSite","@id":"https:\/\/xcelinspection.com\/#website","url":"https:\/\/xcelinspection.com\/","name":"Xcelinspections","description":"","potentialAction":[{"@type":"SearchAction","target":{"@type":"EntryPoint","urlTemplate":"https:\/\/xcelinspection.com\/?s={search_term_string}"},"query-input":{"@type":"PropertyValueSpecification","valueRequired":true,"valueName":"search_term_string"}}],"inLanguage":"pt-PT"}]}},"_links":{"self":[{"href":"https:\/\/xcelinspection.com\/pt-pt\/wp-json\/wp\/v2\/pages\/14276","targetHints":{"allow":["GET"]}}],"collection":[{"href":"https:\/\/xcelinspection.com\/pt-pt\/wp-json\/wp\/v2\/pages"}],"about":[{"href":"https:\/\/xcelinspection.com\/pt-pt\/wp-json\/wp\/v2\/types\/page"}],"author":[{"embeddable":true,"href":"https:\/\/xcelinspection.com\/pt-pt\/wp-json\/wp\/v2\/users\/8"}],"replies":[{"embeddable":true,"href":"https:\/\/xcelinspection.com\/pt-pt\/wp-json\/wp\/v2\/comments?post=14276"}],"version-history":[{"count":2,"href":"https:\/\/xcelinspection.com\/pt-pt\/wp-json\/wp\/v2\/pages\/14276\/revisions"}],"predecessor-version":[{"id":14280,"href":"https:\/\/xcelinspection.com\/pt-pt\/wp-json\/wp\/v2\/pages\/14276\/revisions\/14280"}],"wp:featuredmedia":[{"embeddable":true,"href":"https:\/\/xcelinspection.com\/pt-pt\/wp-json\/wp\/v2\/media\/12756"}],"wp:attachment":[{"href":"https:\/\/xcelinspection.com\/pt-pt\/wp-json\/wp\/v2\/media?parent=14276"}],"curies":[{"name":"wp","href":"https:\/\/api.w.org\/{rel}","templated":true}]}}