{"id":14286,"date":"2018-09-18T08:56:31","date_gmt":"2018-09-18T08:56:31","guid":{"rendered":"http:\/\/xcelinspection.com\/?page_id=14286"},"modified":"2021-11-04T12:57:48","modified_gmt":"2021-11-04T12:57:48","slug":"formacao","status":"publish","type":"page","link":"https:\/\/xcelinspection.com\/pt-pt\/formacao\/","title":{"rendered":"FORMA\u00c7\u00c3O"},"content":{"rendered":"\n\n\n\n\n\n<div id=\"wpv-view-layout-2501\" class=\"js-wpv-view-layout js-wpv-layout-responsive js-wpv-view-layout-2501\" data-viewnumber=\"2501\" data-pagination=\"{&quot;id&quot;:2501,&quot;query&quot;:&quot;normal&quot;,&quot;type&quot;:&quot;disabled&quot;,&quot;effect&quot;:&quot;fade&quot;,&quot;duration&quot;:2500,&quot;speed&quot;:5,&quot;pause_on_hover&quot;:&quot;disabled&quot;,&quot;stop_rollover&quot;:&quot;false&quot;,&quot;cache_pages&quot;:&quot;enabled&quot;,&quot;preload_images&quot;:&quot;enabled&quot;,&quot;preload_pages&quot;:&quot;enabled&quot;,&quot;preload_reach&quot;:1,&quot;spinner&quot;:&quot;builtin&quot;,&quot;spinner_image&quot;:&quot;&quot;,&quot;callback_next&quot;:&quot;&quot;,&quot;manage_history&quot;:&quot;disabled&quot;,&quot;has_controls_in_form&quot;:&quot;enabled&quot;,&quot;infinite_tolerance&quot;:0,&quot;max_pages&quot;:0,&quot;page&quot;:1,&quot;base_permalink&quot;:&quot;\/pt-pt\/wp-json\/wp\/v2\/pages\/14286?wpv_view_count=2501&amp;wpv_paged=WPV_PAGE_NUM&quot;,&quot;loop&quot;:{&quot;type&quot;:&quot;&quot;,&quot;name&quot;:&quot;&quot;,&quot;data&quot;:[],&quot;id&quot;:0}}\" data-permalink=\"\/pt-pt\/wp-json\/wp\/v2\/pages\/14286?wpv_view_count=2501\">\n\n\t\n\t\n\t<div class=\"blog-grid-container product-page-product-list\">\n\t\n\t\t\n\t\t<div class=\"grid-row\">\n\t\t\t<div class=\"one-third first\">\n\t\t\t\t<div class=\"blog-item\">\n  <div class=\"mycustompostftimg\">\n    <a href=\"https:\/\/xcelinspection.com\/pt-pt\/curso\/certificado-de-reconhecimento-rina\/\" class=\"post-image-link\" alt=\"Certificado de Reconhecimento RINA\"><img loading=\"lazy\" decoding=\"async\" width=\"569\" height=\"375\" src=\"https:\/\/xcelinspection.com\/wp-content\/uploads\/2018\/09\/Destacada-Rina.png\" class=\"attachment-full size-full wp-post-image\" alt=\"\" \/> <\/a>\n    <a href=\"https:\/\/xcelinspection.com\/pt-pt\/curso\/certificado-de-reconhecimento-rina\/\"><\/a>\n  <\/div>\n  <div class=\"mycustompostfttext\">\n    <h4><a href=\"https:\/\/xcelinspection.com\/pt-pt\/curso\/certificado-de-reconhecimento-rina\/\">Certificado de Reconhecimento RINA<\/a><\/h4>\n    <div class=\"postsnip\">A Xcel Inspection oferece cursos de treinamento ministrados por seus especialistas n\u00edvel 3 e totalmente em espanhol, em <\/div>\n    <!--<a href=\"[wpv-post-url]\" class=\"button\">Learn More <i class=\"fa fa-chevron-circle-right\" aria-hidden=\"true\"><\/i><\/a>-->\n  <\/div>\n<\/div>\n\n\t\t\t<\/div>\n\t\t\n\t\t\n\t\t\t<div class=\"one-third\">\n\t\t\t\t<div class=\"blog-item\">\n  <div class=\"mycustompostftimg\">\n    <a href=\"https:\/\/xcelinspection.com\/pt-pt\/curso\/cursos-de-acfm-nivel-1-e-2\/\" class=\"post-image-link\" alt=\"Cursos de ACFM N\u00edvel 1 e 2\"><img loading=\"lazy\" decoding=\"async\" width=\"705\" height=\"420\" src=\"https:\/\/xcelinspection.com\/wp-content\/uploads\/2021\/10\/Destacada-C-ACFM.png\" class=\"attachment-full size-full wp-post-image\" alt=\"\" \/> <\/a>\n    <a href=\"https:\/\/xcelinspection.com\/pt-pt\/curso\/cursos-de-acfm-nivel-1-e-2\/\"><\/a>\n  <\/div>\n  <div class=\"mycustompostfttext\">\n    <h4><a href=\"https:\/\/xcelinspection.com\/pt-pt\/curso\/cursos-de-acfm-nivel-1-e-2\/\">Cursos de ACFM N\u00edvel 1 e 2<\/a><\/h4>\n    <div class=\"postsnip\">Xcel Inspection oferece cursos de treinamento em ACFM N\u00edvel 1 e 2, ministrados por seus especialistas N\u00edvel 3 ISO9712, t <\/div>\n    <!--<a href=\"[wpv-post-url]\" class=\"button\">Learn More <i class=\"fa fa-chevron-circle-right\" aria-hidden=\"true\"><\/i><\/a>-->\n  <\/div>\n<\/div>\n\n\t\t\t<\/div>\n\t\t<\/div>\n\t\t\n\t\t\n\t\t\t<div class=\"one-third\">\n\t\t\t\t<div class=\"blog-item\">\n  <div class=\"mycustompostftimg\">\n    <a href=\"https:\/\/xcelinspection.com\/pt-pt\/curso\/cursos-de-emissao-acustica-nivel-1-e-2\/\" class=\"post-image-link\" alt=\"Cursos de Emiss\u00e3o Ac\u00fastica N\u00edvel 1 e 2\"><img loading=\"lazy\" decoding=\"async\" width=\"704\" height=\"420\" src=\"https:\/\/xcelinspection.com\/wp-content\/uploads\/2021\/10\/Destacada-C-EA.png\" class=\"attachment-full size-full wp-post-image\" alt=\"\" \/> <\/a>\n    <a href=\"https:\/\/xcelinspection.com\/pt-pt\/curso\/cursos-de-emissao-acustica-nivel-1-e-2\/\"><\/a>\n  <\/div>\n  <div class=\"mycustompostfttext\">\n    <h4><a href=\"https:\/\/xcelinspection.com\/pt-pt\/curso\/cursos-de-emissao-acustica-nivel-1-e-2\/\">Cursos de Emiss\u00e3o Ac\u00fastica N\u00edvel 1 e 2<\/a><\/h4>\n    <div class=\"postsnip\">Xcel Inspection oferece cursos de treinamento em Emiss\u00e3o Ac\u00fastica de N\u00edvel 1 e 2, ministrados por seus especialistas N\u00edv <\/div>\n    <!--<a href=\"[wpv-post-url]\" class=\"button\">Learn More <i class=\"fa fa-chevron-circle-right\" aria-hidden=\"true\"><\/i><\/a>-->\n  <\/div>\n<\/div>\n\n\t\t\t<\/div>\n\t\t\n\t\t\n\t\t<div class=\"grid-row\">\n\t\t\t<div class=\"one-third first\">\n\t\t\t\t<div class=\"blog-item\">\n  <div class=\"mycustompostftimg\">\n    <a href=\"https:\/\/xcelinspection.com\/pt-pt\/curso\/cursos-de-microondas-nivel-1-e-2\/\" class=\"post-image-link\" alt=\"Cursos de Microondas N\u00edvel 1 e 2\"><img loading=\"lazy\" decoding=\"async\" width=\"705\" height=\"420\" src=\"https:\/\/xcelinspection.com\/wp-content\/uploads\/2021\/10\/Destacada-C-MO.png\" class=\"attachment-full size-full wp-post-image\" alt=\"\" \/> <\/a>\n    <a href=\"https:\/\/xcelinspection.com\/pt-pt\/curso\/cursos-de-microondas-nivel-1-e-2\/\"><\/a>\n  <\/div>\n  <div class=\"mycustompostfttext\">\n    <h4><a href=\"https:\/\/xcelinspection.com\/pt-pt\/curso\/cursos-de-microondas-nivel-1-e-2\/\">Cursos de Microondas N\u00edvel 1 e 2<\/a><\/h4>\n    <div class=\"postsnip\">Xcel Inspection oferece cursos de treinamento em Microondas de N\u00edvel 1 e 2, ministrados por seus especialistas N\u00edvel 3 I <\/div>\n    <!--<a href=\"[wpv-post-url]\" class=\"button\">Learn More <i class=\"fa fa-chevron-circle-right\" aria-hidden=\"true\"><\/i><\/a>-->\n  <\/div>\n<\/div>\n\n\t\t\t<\/div>\n\t\t\n\t\t\n\t\t\t<div class=\"one-third\">\n\t\t\t\t<div class=\"blog-item\">\n  <div class=\"mycustompostftimg\">\n    <a href=\"https:\/\/xcelinspection.com\/pt-pt\/curso\/cursos-de-mrt-nivel-1-e-2\/\" class=\"post-image-link\" alt=\"Cursos de MRT N\u00edvel 1 e 2\"><img loading=\"lazy\" decoding=\"async\" width=\"706\" height=\"421\" src=\"https:\/\/xcelinspection.com\/wp-content\/uploads\/2021\/10\/Destacada-C-MRT.png\" class=\"attachment-full size-full wp-post-image\" alt=\"\" \/> <\/a>\n    <a href=\"https:\/\/xcelinspection.com\/pt-pt\/curso\/cursos-de-mrt-nivel-1-e-2\/\"><\/a>\n  <\/div>\n  <div class=\"mycustompostfttext\">\n    <h4><a href=\"https:\/\/xcelinspection.com\/pt-pt\/curso\/cursos-de-mrt-nivel-1-e-2\/\">Cursos de MRT N\u00edvel 1 e 2<\/a><\/h4>\n    <div class=\"postsnip\">Xcel Inspection oferece cursos de treinamento em MRT de N\u00edvel 1 e 2, ministrados por seus especialistas N\u00edvel 3 ISO9712, <\/div>\n    <!--<a href=\"[wpv-post-url]\" class=\"button\">Learn More <i class=\"fa fa-chevron-circle-right\" aria-hidden=\"true\"><\/i><\/a>-->\n  <\/div>\n<\/div>\n\n\t\t\t<\/div>\n\t\t<\/div>\n\t\t\n\t\t\n\t\t\t<div class=\"one-third\">\n\t\t\t\t<div class=\"blog-item\">\n  <div class=\"mycustompostftimg\">\n    <a href=\"https:\/\/xcelinspection.com\/pt-pt\/curso\/cursos-de-ondas-guiadas-nivel-1-y-2\/\" class=\"post-image-link\" alt=\"Cursos de Ondas Guiadas Nivel 1 y 2\"><img loading=\"lazy\" decoding=\"async\" width=\"705\" height=\"421\" src=\"https:\/\/xcelinspection.com\/wp-content\/uploads\/2021\/10\/Destacada-C-OG.png\" class=\"attachment-full size-full wp-post-image\" alt=\"\" \/> <\/a>\n    <a href=\"https:\/\/xcelinspection.com\/pt-pt\/curso\/cursos-de-ondas-guiadas-nivel-1-y-2\/\"><\/a>\n  <\/div>\n  <div class=\"mycustompostfttext\">\n    <h4><a href=\"https:\/\/xcelinspection.com\/pt-pt\/curso\/cursos-de-ondas-guiadas-nivel-1-y-2\/\">Cursos de Ondas Guiadas Nivel 1 y 2<\/a><\/h4>\n    <div class=\"postsnip\">Xcel Inspection oferece cursos de treinamento em Ondas Guiadas de N\u00edvel 1 e 2, ministrados pelos seus especialistas N\u00edve <\/div>\n    <!--<a href=\"[wpv-post-url]\" class=\"button\">Learn More <i class=\"fa fa-chevron-circle-right\" aria-hidden=\"true\"><\/i><\/a>-->\n  <\/div>\n<\/div>\n\n\t\t\t<\/div>\n\t\t\n\t\t\n\t\t<div class=\"grid-row\">\n\t\t\t<div class=\"one-third first\">\n\t\t\t\t<div class=\"blog-item\">\n  <div class=\"mycustompostftimg\">\n    <a href=\"https:\/\/xcelinspection.com\/pt-pt\/curso\/webinar-acfm\/\" class=\"post-image-link\" alt=\"Webinar ACFM\"><img loading=\"lazy\" decoding=\"async\" width=\"943\" height=\"518\" src=\"https:\/\/xcelinspection.com\/wp-content\/uploads\/2020\/12\/Captura-de-pantalla-2020-12-07-a-las-11.13.24.png\" class=\"attachment-full size-full wp-post-image\" alt=\"\" \/> <\/a>\n    <a href=\"https:\/\/xcelinspection.com\/pt-pt\/curso\/webinar-acfm\/\"><\/a>\n  <\/div>\n  <div class=\"mycustompostfttext\">\n    <h4><a href=\"https:\/\/xcelinspection.com\/pt-pt\/curso\/webinar-acfm\/\">Webinar ACFM<\/a><\/h4>\n    <div class=\"postsnip\">Xcel Inspection como parte de sus cursos de formaci\u00f3n y presentaci\u00f3n de nuevas y revolucionarias tecnolog\u00edas, present\u00f3 a <\/div>\n    <!--<a href=\"[wpv-post-url]\" class=\"button\">Learn More <i class=\"fa fa-chevron-circle-right\" aria-hidden=\"true\"><\/i><\/a>-->\n  <\/div>\n<\/div>\n\n\t\t\t<\/div>\n\t\t\n\t\t\n\t\t\t<div class=\"one-third\">\n\t\t\t\t<div class=\"blog-item\">\n  <div class=\"mycustompostftimg\">\n    <a href=\"https:\/\/xcelinspection.com\/pt-pt\/curso\/webinar-microondas\/\" class=\"post-image-link\" alt=\"Webinar Microondas\"><img loading=\"lazy\" decoding=\"async\" width=\"1049\" height=\"477\" src=\"https:\/\/xcelinspection.com\/wp-content\/uploads\/2021\/10\/Destacada.jpg\" class=\"attachment-full size-full wp-post-image\" alt=\"\" \/> <\/a>\n    <a href=\"https:\/\/xcelinspection.com\/pt-pt\/curso\/webinar-microondas\/\"><\/a>\n  <\/div>\n  <div class=\"mycustompostfttext\">\n    <h4><a href=\"https:\/\/xcelinspection.com\/pt-pt\/curso\/webinar-microondas\/\">Webinar Microondas<\/a><\/h4>\n    <div class=\"postsnip\">Xcel Inspection como parte de seus cursos de forma\u00e7\u00e3o e apresenta\u00e7\u00e3o de novas e revolucion\u00e1rias tecnologias, apresentou <\/div>\n    <!--<a href=\"[wpv-post-url]\" class=\"button\">Learn More <i class=\"fa fa-chevron-circle-right\" aria-hidden=\"true\"><\/i><\/a>-->\n  <\/div>\n<\/div>\n\n\t\t\t<\/div>\n\t\t<\/div>\n\t\t\n\t\t\n\t\t\t<div class=\"one-third\">\n\t\t\t\t<div class=\"blog-item\">\n  <div class=\"mycustompostftimg\">\n    <a href=\"https:\/\/xcelinspection.com\/pt-pt\/curso\/webinar-robotica\/\" class=\"post-image-link\" alt=\"Webinar Rob\u00f3tica\"><img loading=\"lazy\" decoding=\"async\" width=\"1412\" height=\"756\" src=\"https:\/\/xcelinspection.com\/wp-content\/uploads\/2021\/10\/Destacada-1.jpg\" class=\"attachment-full size-full wp-post-image\" alt=\"\" \/> <\/a>\n    <a href=\"https:\/\/xcelinspection.com\/pt-pt\/curso\/webinar-robotica\/\"><\/a>\n  <\/div>\n  <div class=\"mycustompostfttext\">\n    <h4><a href=\"https:\/\/xcelinspection.com\/pt-pt\/curso\/webinar-robotica\/\">Webinar Rob\u00f3tica<\/a><\/h4>\n    <div class=\"postsnip\">Xcel Inspection como parte de seus cursos de forma\u00e7\u00e3o e apresenta\u00e7\u00e3o de novas e revolucion\u00e1rias tecnologias, apresentou <\/div>\n    <!--<a href=\"[wpv-post-url]\" class=\"button\">Learn More <i class=\"fa fa-chevron-circle-right\" aria-hidden=\"true\"><\/i><\/a>-->\n  <\/div>\n<\/div>\n\n\t\t\t<\/div>\n\t\t\n\t<\/div>\n\t\n\t\n\t\n<\/div>\n\n","protected":false},"excerpt":{"rendered":"","protected":false},"author":8,"featured_media":13868,"parent":0,"menu_order":0,"comment_status":"closed","ping_status":"closed","template":"","meta":{"_genesis_hide_title":false,"_genesis_hide_breadcrumbs":false,"_genesis_hide_singular_image":false,"_genesis_hide_footer_widgets":false,"_genesis_custom_body_class":"","_genesis_custom_post_class":"","_genesis_layout":"full-width-content","footnotes":""},"class_list":{"0":"post-14286","1":"page","2":"type-page","3":"status-publish","4":"has-post-thumbnail","6":"entry","7":"override"},"yoast_head":"<!-- This site is optimized with the Yoast SEO plugin v27.6 - https:\/\/yoast.com\/product\/yoast-seo-wordpress\/ -->\n<title>FORMA\u00c7\u00c3O - Xcelinspections<\/title>\n<meta name=\"robots\" content=\"index, follow, max-snippet:-1, max-image-preview:large, max-video-preview:-1\" \/>\n<link rel=\"canonical\" href=\"https:\/\/xcelinspection.com\/pt-pt\/formacao\/\" \/>\n<meta property=\"og:locale\" content=\"pt_PT\" \/>\n<meta property=\"og:type\" content=\"article\" \/>\n<meta property=\"og:title\" content=\"FORMA\u00c7\u00c3O - Xcelinspections\" \/>\n<meta property=\"og:url\" content=\"https:\/\/xcelinspection.com\/pt-pt\/formacao\/\" \/>\n<meta property=\"og:site_name\" content=\"Xcelinspections\" \/>\n<meta property=\"article:modified_time\" content=\"2021-11-04T12:57:48+00:00\" \/>\n<meta property=\"og:image\" content=\"https:\/\/xcelinspection.com\/wp-content\/uploads\/2020\/12\/Seccio\u0301n-Formacio\u0301n.png\" \/>\n\t<meta property=\"og:image:width\" content=\"6912\" \/>\n\t<meta property=\"og:image:height\" content=\"3456\" \/>\n\t<meta property=\"og:image:type\" content=\"image\/png\" \/>\n<meta name=\"twitter:card\" content=\"summary_large_image\" \/>\n<meta name=\"twitter:label1\" content=\"Tempo estimado de leitura\" \/>\n\t<meta name=\"twitter:data1\" content=\"1 minuto\" \/>\n<script type=\"application\/ld+json\" class=\"yoast-schema-graph\">{\"@context\":\"https:\\\/\\\/schema.org\",\"@graph\":[{\"@type\":\"WebPage\",\"@id\":\"https:\\\/\\\/xcelinspection.com\\\/pt-pt\\\/formacao\\\/\",\"url\":\"https:\\\/\\\/xcelinspection.com\\\/pt-pt\\\/formacao\\\/\",\"name\":\"FORMA\u00c7\u00c3O - Xcelinspections\",\"isPartOf\":{\"@id\":\"https:\\\/\\\/xcelinspection.com\\\/#website\"},\"primaryImageOfPage\":{\"@id\":\"https:\\\/\\\/xcelinspection.com\\\/pt-pt\\\/formacao\\\/#primaryimage\"},\"image\":{\"@id\":\"https:\\\/\\\/xcelinspection.com\\\/pt-pt\\\/formacao\\\/#primaryimage\"},\"thumbnailUrl\":\"https:\\\/\\\/xcelinspection.com\\\/wp-content\\\/uploads\\\/2020\\\/12\\\/Seccio\u0301n-Formacio\u0301n.png\",\"datePublished\":\"2018-09-18T08:56:31+00:00\",\"dateModified\":\"2021-11-04T12:57:48+00:00\",\"breadcrumb\":{\"@id\":\"https:\\\/\\\/xcelinspection.com\\\/pt-pt\\\/formacao\\\/#breadcrumb\"},\"inLanguage\":\"pt-PT\",\"potentialAction\":[{\"@type\":\"ReadAction\",\"target\":[\"https:\\\/\\\/xcelinspection.com\\\/pt-pt\\\/formacao\\\/\"]}]},{\"@type\":\"ImageObject\",\"inLanguage\":\"pt-PT\",\"@id\":\"https:\\\/\\\/xcelinspection.com\\\/pt-pt\\\/formacao\\\/#primaryimage\",\"url\":\"https:\\\/\\\/xcelinspection.com\\\/wp-content\\\/uploads\\\/2020\\\/12\\\/Seccio\u0301n-Formacio\u0301n.png\",\"contentUrl\":\"https:\\\/\\\/xcelinspection.com\\\/wp-content\\\/uploads\\\/2020\\\/12\\\/Seccio\u0301n-Formacio\u0301n.png\",\"width\":6912,\"height\":3456},{\"@type\":\"BreadcrumbList\",\"@id\":\"https:\\\/\\\/xcelinspection.com\\\/pt-pt\\\/formacao\\\/#breadcrumb\",\"itemListElement\":[{\"@type\":\"ListItem\",\"position\":1,\"name\":\"Home\",\"item\":\"https:\\\/\\\/xcelinspection.com\\\/pt-pt\\\/\"},{\"@type\":\"ListItem\",\"position\":2,\"name\":\"FORMA\u00c7\u00c3O\"}]},{\"@type\":\"WebSite\",\"@id\":\"https:\\\/\\\/xcelinspection.com\\\/#website\",\"url\":\"https:\\\/\\\/xcelinspection.com\\\/\",\"name\":\"Xcelinspections\",\"description\":\"\",\"potentialAction\":[{\"@type\":\"SearchAction\",\"target\":{\"@type\":\"EntryPoint\",\"urlTemplate\":\"https:\\\/\\\/xcelinspection.com\\\/?s={search_term_string}\"},\"query-input\":{\"@type\":\"PropertyValueSpecification\",\"valueRequired\":true,\"valueName\":\"search_term_string\"}}],\"inLanguage\":\"pt-PT\"}]}<\/script>\n<!-- \/ Yoast SEO plugin. -->","yoast_head_json":{"title":"FORMA\u00c7\u00c3O - Xcelinspections","robots":{"index":"index","follow":"follow","max-snippet":"max-snippet:-1","max-image-preview":"max-image-preview:large","max-video-preview":"max-video-preview:-1"},"canonical":"https:\/\/xcelinspection.com\/pt-pt\/formacao\/","og_locale":"pt_PT","og_type":"article","og_title":"FORMA\u00c7\u00c3O - Xcelinspections","og_url":"https:\/\/xcelinspection.com\/pt-pt\/formacao\/","og_site_name":"Xcelinspections","article_modified_time":"2021-11-04T12:57:48+00:00","og_image":[{"url":"https:\/\/xcelinspection.com\/wp-content\/uploads\/2020\/12\/Seccio\u0301n-Formacio\u0301n.png","width":6912,"height":3456,"type":"image\/png"}],"twitter_card":"summary_large_image","twitter_misc":{"Tempo estimado de leitura":"1 minuto"},"schema":{"@context":"https:\/\/schema.org","@graph":[{"@type":"WebPage","@id":"https:\/\/xcelinspection.com\/pt-pt\/formacao\/","url":"https:\/\/xcelinspection.com\/pt-pt\/formacao\/","name":"FORMA\u00c7\u00c3O - Xcelinspections","isPartOf":{"@id":"https:\/\/xcelinspection.com\/#website"},"primaryImageOfPage":{"@id":"https:\/\/xcelinspection.com\/pt-pt\/formacao\/#primaryimage"},"image":{"@id":"https:\/\/xcelinspection.com\/pt-pt\/formacao\/#primaryimage"},"thumbnailUrl":"https:\/\/xcelinspection.com\/wp-content\/uploads\/2020\/12\/Seccio\u0301n-Formacio\u0301n.png","datePublished":"2018-09-18T08:56:31+00:00","dateModified":"2021-11-04T12:57:48+00:00","breadcrumb":{"@id":"https:\/\/xcelinspection.com\/pt-pt\/formacao\/#breadcrumb"},"inLanguage":"pt-PT","potentialAction":[{"@type":"ReadAction","target":["https:\/\/xcelinspection.com\/pt-pt\/formacao\/"]}]},{"@type":"ImageObject","inLanguage":"pt-PT","@id":"https:\/\/xcelinspection.com\/pt-pt\/formacao\/#primaryimage","url":"https:\/\/xcelinspection.com\/wp-content\/uploads\/2020\/12\/Seccio\u0301n-Formacio\u0301n.png","contentUrl":"https:\/\/xcelinspection.com\/wp-content\/uploads\/2020\/12\/Seccio\u0301n-Formacio\u0301n.png","width":6912,"height":3456},{"@type":"BreadcrumbList","@id":"https:\/\/xcelinspection.com\/pt-pt\/formacao\/#breadcrumb","itemListElement":[{"@type":"ListItem","position":1,"name":"Home","item":"https:\/\/xcelinspection.com\/pt-pt\/"},{"@type":"ListItem","position":2,"name":"FORMA\u00c7\u00c3O"}]},{"@type":"WebSite","@id":"https:\/\/xcelinspection.com\/#website","url":"https:\/\/xcelinspection.com\/","name":"Xcelinspections","description":"","potentialAction":[{"@type":"SearchAction","target":{"@type":"EntryPoint","urlTemplate":"https:\/\/xcelinspection.com\/?s={search_term_string}"},"query-input":{"@type":"PropertyValueSpecification","valueRequired":true,"valueName":"search_term_string"}}],"inLanguage":"pt-PT"}]}},"_links":{"self":[{"href":"https:\/\/xcelinspection.com\/pt-pt\/wp-json\/wp\/v2\/pages\/14286","targetHints":{"allow":["GET"]}}],"collection":[{"href":"https:\/\/xcelinspection.com\/pt-pt\/wp-json\/wp\/v2\/pages"}],"about":[{"href":"https:\/\/xcelinspection.com\/pt-pt\/wp-json\/wp\/v2\/types\/page"}],"author":[{"embeddable":true,"href":"https:\/\/xcelinspection.com\/pt-pt\/wp-json\/wp\/v2\/users\/8"}],"replies":[{"embeddable":true,"href":"https:\/\/xcelinspection.com\/pt-pt\/wp-json\/wp\/v2\/comments?post=14286"}],"version-history":[{"count":2,"href":"https:\/\/xcelinspection.com\/pt-pt\/wp-json\/wp\/v2\/pages\/14286\/revisions"}],"predecessor-version":[{"id":14290,"href":"https:\/\/xcelinspection.com\/pt-pt\/wp-json\/wp\/v2\/pages\/14286\/revisions\/14290"}],"wp:featuredmedia":[{"embeddable":true,"href":"https:\/\/xcelinspection.com\/pt-pt\/wp-json\/wp\/v2\/media\/13868"}],"wp:attachment":[{"href":"https:\/\/xcelinspection.com\/pt-pt\/wp-json\/wp\/v2\/media?parent=14286"}],"curies":[{"name":"wp","href":"https:\/\/api.w.org\/{rel}","templated":true}]}}